{"id":15989,"date":"2023-09-04T17:58:14","date_gmt":"2023-09-04T17:58:14","guid":{"rendered":"https:\/\/granit-zhitomir.com\/product\/15989\/"},"modified":"2023-09-04T17:58:52","modified_gmt":"2023-09-04T17:58:52","slug":"\u043e\u0434\u0438\u043d\u0430\u0440\u043d\u0438\u0439-\u0433\u0440\u0430\u043d\u0456\u0442\u043d\u0438\u0439-\u043f\u0430\u043c\u044f\u0442\u043d\u0438\u043a-\u043a\u043b\u0430\u0441\u0438\u0447","status":"publish","type":"product","link":"https:\/\/granit-zhitomir.com\/de\/produkt\/\u043e\u0434\u0438\u043d\u0430\u0440\u043d\u0438\u0439-\u0433\u0440\u0430\u043d\u0456\u0442\u043d\u0438\u0439-\u043f\u0430\u043c\u044f\u0442\u043d\u0438\u043a-\u043a\u043b\u0430\u0441\u0438\u0447\/","title":{"rendered":"Einzeldenkmal aus Granit - Klassisch"},"content":{"rendered":"<p>Ein Denkmal mit einer asymmetrischen Platte, deren eine Seite die Form einer Schale mit steilen W\u00e4nden hat, w\u00e4hrend die andere gerade ist. Die klassischen Elemente eines christlichen Denkmals - das Bild der betenden Jungfrau Maria und ein d\u00fcnnes goldenes Metallkruzifix - werden durch \u00fcppige Rosen und eine brennende Kerze erg\u00e4nzt.<\/p>\n<p>Art: 1,142<br \/>\nMaterial: Gabbro - Pokostovka<br \/>\nArch:<br \/>\nKabinett:<br \/>\nBlumengarten:<br \/>\nPreis: <\/p>","protected":false},"excerpt":{"rendered":"<p>\u041f\u0430\u043c&#8217;\u044f\u0442\u043d\u0438\u043a \u0437 \u0430\u0441\u0438\u043c\u0435\u0442\u0440\u0438\u0447\u043d\u043e\u044e \u043f\u043b\u0438\u0442\u043e\u044e, \u043e\u0434\u0438\u043d \u0431\u0456\u043a \u044f\u043a\u043e\u0433\u043e \u043c\u0430\u0454 \u0444\u043e\u0440\u043c\u0443 \u0447\u0430\u0448\u0456 \u0437 \u043a\u0440\u0443\u0442\u0438\u043c\u0438 \u0441\u0442\u0456\u043d\u043a\u0430\u043c\u0438, \u0430 \u0456\u043d\u0448\u0438\u0439 \u043f\u0440\u044f\u043c\u0438\u0439. \u041a\u043b\u0430\u0441\u0438\u0447\u043d\u0456 \u0435\u043b\u0435\u043c\u0435\u043d\u0442\u0438 \u0445\u0440\u0438\u0441\u0442\u0438\u044f\u043d\u0441\u044c\u043a\u043e\u0433\u043e \u043f\u0430\u043c&#8217;\u044f\u0442\u043d\u0438\u043a\u0430<\/p>","protected":false},"featured_media":15991,"template":"","meta":[],"product_brand":[],"product_cat":[71],"product_tag":[],"class_list":{"0":"post-15989","1":"product","2":"type-product","3":"status-publish","4":"has-post-thumbnail","6":"product_cat-pamjatniki-odinarnye","8":"first","9":"instock","10":"product-type-simple"},"_links":{"self":[{"href":"https:\/\/granit-zhitomir.com\/de\/wp-json\/wp\/v2\/product\/15989","targetHints":{"allow":["GET"]}}],"collection":[{"href":"https:\/\/granit-zhitomir.com\/de\/wp-json\/wp\/v2\/product"}],"about":[{"href":"https:\/\/granit-zhitomir.com\/de\/wp-json\/wp\/v2\/types\/product"}],"version-history":[{"count":0,"href":"https:\/\/granit-zhitomir.com\/de\/wp-json\/wp\/v2\/product\/15989\/revisions"}],"wp:featuredmedia":[{"embeddable":true,"href":"https:\/\/granit-zhitomir.com\/de\/wp-json\/wp\/v2\/media\/15991"}],"wp:attachment":[{"href":"https:\/\/granit-zhitomir.com\/de\/wp-json\/wp\/v2\/media?parent=15989"}],"wp:term":[{"taxonomy":"product_brand","embeddable":true,"href":"https:\/\/granit-zhitomir.com\/de\/wp-json\/wp\/v2\/product_brand?post=15989"},{"taxonomy":"product_cat","embeddable":true,"href":"https:\/\/granit-zhitomir.com\/de\/wp-json\/wp\/v2\/product_cat?post=15989"},{"taxonomy":"product_tag","embeddable":true,"href":"https:\/\/granit-zhitomir.com\/de\/wp-json\/wp\/v2\/product_tag?post=15989"}],"curies":[{"name":"wp","href":"https:\/\/api.w.org\/{rel}","templated":true}]}}